{"id":162,"date":"2013-04-04T07:43:58","date_gmt":"2013-04-04T05:43:58","guid":{"rendered":"http:\/\/test-medrazgl.aed-baza.si\/?page_id=162"},"modified":"2025-05-23T15:01:30","modified_gmt":"2025-05-23T13:01:30","slug":"editorial-board","status":"publish","type":"page","link":"https:\/\/medrazgl.si\/en\/editorial-board\/","title":{"rendered":"Editorial Board"},"content":{"rendered":"\n<p><strong>Editor-in-Chief<\/strong><\/p>\n\n\n\n<div class=\"wp-block-group is-layout-grid wp-container-core-group-is-layout-d8316ff0 wp-block-group-is-layout-grid\">\n<p>Manca Bregar <\/p>\n\n\n\n<p class=\"wp-container-content-00206bb4\"><\/p>\n\n\n\n<p><a href=\"mailto:manca.bregar@medrazgl.si\">manca.bregar@medrazgl.si<br><\/a><a href=\"mailto:glavni.urednik@medrazgl.si\">glavni.urednik@medrazgl.si<\/a><\/p>\n<\/div>\n\n\n\n<p><strong>Managing Editor<\/strong><\/p>\n\n\n\n<div class=\"wp-block-group is-layout-grid wp-container-core-group-is-layout-d8316ff0 wp-block-group-is-layout-grid\">\n<p>Hana Raku\u0161a<\/p>\n\n\n\n<p class=\"wp-container-content-00206bb4\"><\/p>\n\n\n\n<p><a href=\"mailto:hana.rakusa@medrazgl.si\">hana.rakusa@medrazgl.si<br><\/a><a href=\"mailto:prispevki@medrazgl.si\">prispevki@medrazgl.si<\/a><\/p>\n<\/div>\n\n\n\n<p><strong>Production Editors<\/strong><\/p>\n\n\n\n<div class=\"wp-block-group is-layout-grid wp-container-core-group-is-layout-d8316ff0 wp-block-group-is-layout-grid\">\n<p>Niko Fari\u010d<\/p>\n\n\n\n<p class=\"wp-container-content-00206bb4\"><\/p>\n\n\n\n<p><a href=\"mailto:niko.faric@medrazgl.si\">niko.faric@medrazgl.si<\/a><\/p>\n<\/div>\n\n\n\n<div class=\"wp-block-group is-layout-grid wp-container-core-group-is-layout-d8316ff0 wp-block-group-is-layout-grid\">\n<p>Julija Kalcher<\/p>\n\n\n\n<p class=\"wp-container-content-00206bb4\"><\/p>\n\n\n\n<p><a href=\"mailto:julija.kalcher@medrazgl.si\">julija.kalcher@medrazgl.si<\/a> <\/p>\n<\/div>\n\n\n\n<div class=\"wp-block-group is-layout-grid wp-container-core-group-is-layout-d8316ff0 wp-block-group-is-layout-grid\">\n<p>Matija Kiker<\/p>\n\n\n\n<p class=\"wp-container-content-00206bb4\"><\/p>\n\n\n\n<p class=\"wp-container-content-00206bb4\"><a href=\"mailto:matija.kiker@medrazgl.si\">matija.kiker@medrazgl.si<\/a><\/p>\n<\/div>\n\n\n\n<div class=\"wp-block-group is-layout-grid wp-container-core-group-is-layout-d8316ff0 wp-block-group-is-layout-grid\">\n<p>Eva Pu\u0161nik<\/p>\n\n\n\n<p class=\"wp-container-content-00206bb4\"><\/p>\n\n\n\n<p class=\"wp-container-content-00206bb4\"><a href=\"mailto:eva.pusnik@medrazgl.si\">eva.pusnik@medrazgl.si<\/a><\/p>\n<\/div>\n\n\n\n<div style=\"height:30px\" aria-hidden=\"true\" class=\"wp-block-spacer\"><\/div>\n\n\n\n<p><strong>Editorial Board<\/strong><\/p>\n\n\n\n<div class=\"wp-block-group is-layout-grid wp-container-core-group-is-layout-d8316ff0 wp-block-group-is-layout-grid\">\n<p>Hana Brezar<\/p>\n\n\n\n<p class=\"wp-container-content-00206bb4\"><\/p>\n\n\n\n<p class=\"wp-container-content-00206bb4\"><a href=\"mailto:hana.brezar@medrazgl.si\">hana.brezar@medrazgl.si<\/a><\/p>\n<\/div>\n\n\n\n<div class=\"wp-block-group is-layout-grid wp-container-core-group-is-layout-d8316ff0 wp-block-group-is-layout-grid\">\n<p class=\"wp-container-content-00206bb4\">Ela Cerar<\/p>\n\n\n\n<p class=\"wp-container-content-00206bb4\"><\/p>\n\n\n\n<p class=\"wp-container-content-00206bb4\"><a href=\"mailto:ela.cerar@medrazgl.si\">ela.cerar@medrazgl.si<\/a><\/p>\n<\/div>\n\n\n\n<div class=\"wp-block-group is-layout-grid wp-container-core-group-is-layout-d8316ff0 wp-block-group-is-layout-grid\">\n<p>Nina Zimi\u010d<\/p>\n\n\n\n<p class=\"wp-container-content-00206bb4\"><\/p>\n\n\n\n<p class=\"wp-container-content-00206bb4\"><a href=\"mailto:nina.zimic@medrazgl.si\">nina.zimic@medrazgl.si<\/a><\/p>\n<\/div>\n\n\n\n<div class=\"wp-block-group is-layout-grid wp-container-core-group-is-layout-d8316ff0 wp-block-group-is-layout-grid\">\n<p>Ana Jazbec<\/p>\n\n\n\n<p class=\"wp-container-content-00206bb4\"><\/p>\n\n\n\n<p class=\"wp-container-content-00206bb4\"><a href=\"mailto:ana.jazbec@medrazgl.si\">ana.jazbec@medrazgl.si<\/a><\/p>\n<\/div>\n\n\n\n<div class=\"wp-block-group is-layout-grid wp-container-core-group-is-layout-d8316ff0 wp-block-group-is-layout-grid\">\n<p class=\"wp-container-content-00206bb4\">Anja Horvat<\/p>\n\n\n\n<p class=\"wp-container-content-00206bb4\"><\/p>\n\n\n\n<p class=\"wp-container-content-00206bb4\"><a href=\"mailto:anja.horvat@medrazgl.si\">anja.horvat@medrazgl.si<\/a><\/p>\n<\/div>\n\n\n\n<div class=\"wp-block-group is-layout-grid wp-container-core-group-is-layout-d8316ff0 wp-block-group-is-layout-grid\">\n<p class=\"wp-container-content-00206bb4\">Nike Klun<\/p>\n\n\n\n<p class=\"wp-container-content-00206bb4\"><\/p>\n\n\n\n<p class=\"wp-container-content-00206bb4\"><a href=\"mailto:nike.klun@medrazgl.si\">nike.klun@medrazgl.si<\/a><\/p>\n<\/div>\n\n\n\n<div class=\"wp-block-group is-layout-grid wp-container-core-group-is-layout-d8316ff0 wp-block-group-is-layout-grid\">\n<p>Rok Erzar<\/p>\n\n\n\n<p class=\"wp-container-content-00206bb4\"><\/p>\n\n\n\n<p class=\"wp-container-content-00206bb4\"><a href=\"mailto:rok.erzar@medrazgl.si\">rok.erzar@medrazgl.si<\/a><\/p>\n<\/div>\n\n\n\n<div class=\"wp-block-group is-layout-grid wp-container-core-group-is-layout-d8316ff0 wp-block-group-is-layout-grid\">\n<p>Ema Gra\u0161i\u010d<\/p>\n\n\n\n<p class=\"wp-container-content-00206bb4\"><\/p>\n\n\n\n<p class=\"wp-container-content-00206bb4\"><a href=\"mailto:ema.grasic@medrazgl.si\">ema.grasic@medrazgl.si<\/a><\/p>\n<\/div>\n\n\n\n<div class=\"wp-block-group is-layout-grid wp-container-core-group-is-layout-d8316ff0 wp-block-group-is-layout-grid\">\n<p>Matic Ivan\u010di\u010d<\/p>\n\n\n\n<p class=\"wp-container-content-00206bb4\"><\/p>\n\n\n\n<p class=\"wp-container-content-00206bb4\"><a href=\"mailto:matic.ivancic@medrazgl.si\">matic.ivancic@medrazgl.si<\/a><\/p>\n<\/div>\n\n\n\n<div class=\"wp-block-group is-layout-grid wp-container-core-group-is-layout-d8316ff0 wp-block-group-is-layout-grid\">\n<p>Leonie Vrta\u010dnik Horvat<\/p>\n\n\n\n<p class=\"wp-container-content-00206bb4\"><\/p>\n\n\n\n<p class=\"wp-container-content-00206bb4\"><a href=\"mailto:leonie.vrtacnikhorvat@medrazgl.si\">leonie.vrtacnikhorvat@medrazgl.si<\/a><\/p>\n<\/div>\n\n\n\n<div class=\"wp-block-group is-layout-grid wp-container-core-group-is-layout-d8316ff0 wp-block-group-is-layout-grid\">\n<p>Larisa \u017derovnik<\/p>\n\n\n\n<p class=\"wp-container-content-00206bb4\"><\/p>\n\n\n\n<p class=\"wp-container-content-00206bb4\"><a href=\"mailto:larisa.zerovnik@medrazgl.si\">larisa.zerovnik@medrazgl.si<\/a><\/p>\n<\/div>\n\n\n\n<div class=\"wp-block-group is-layout-grid wp-container-core-group-is-layout-d8316ff0 wp-block-group-is-layout-grid\">\n<p>Tinka Mesari\u010d<\/p>\n\n\n\n<p class=\"wp-container-content-00206bb4\"><\/p>\n\n\n\n<p class=\"wp-container-content-00206bb4\"><a href=\"mailto:tinka.mesaric@medrazgl.si\">tinka.mesaric@medrazgl.si<\/a><\/p>\n\n\n\n<p><\/p>\n<\/div>\n\n\n\n<div style=\"height:30px\" aria-hidden=\"true\" class=\"wp-block-spacer\"><\/div>\n\n\n<div id=\"colTwo\">\n<p><strong>Medicinski razgledi Through Time<\/strong><\/p>\n<\/div>\n<div>\n<p><a href=\"https:\/\/medrazgl.si\/about-us#scope\">Aims and Scope of the Journal Medicinski razgledi<\/a><\/p>\n<p><a title=\"List of Former Editors\" href=\"http:\/\/medrazgl.eu\/en\/list-of-former-editors\/\">List of Former Editors<\/a><\/p>\n<hr \/>\n<p><strong>Would You Like to Join Medicinski razgledi?<\/strong><\/p>\n<\/div>\n<div>If you are interested in joining the editorial board, we kindly invite you to visit our website regularly, and respond to the annual open call for new journal editors.<\/div>","protected":false},"excerpt":{"rendered":"<p>Editor-in-Chief Manca Bregar manca.bregar@medrazgl.siglavni.urednik@medrazgl.si Managing Editor Hana Raku\u0161a hana.rakusa@medrazgl.siprispevki@medrazgl.si Production Editors Niko Fari\u010d niko.faric@medrazgl.si Julija Kalcher julija.kalcher@medrazgl.si Matija Kiker matija.kiker@medrazgl.si Eva Pu\u0161nik eva.pusnik@medrazgl.si Editorial Board Hana Brezar hana.brezar@medrazgl.si Ela Cerar ela.cerar@medrazgl.si Nina Zimi\u010d nina.zimic@medrazgl.si Ana Jazbec ana.jazbec@medrazgl.si Anja Horvat anja.horvat@medrazgl.si Nike Klun nike.klun@medrazgl.si Rok Erzar rok.erzar@medrazgl.si Ema Gra\u0161i\u010d ema.grasic@medrazgl.si Matic Ivan\u010di\u010d matic.ivancic@medrazgl.si Leonie Vrta\u010dnik Horvat [&hellip;]<\/p>\n","protected":false},"author":1,"featured_media":0,"parent":0,"menu_order":8,"comment_status":"open","ping_status":"closed","template":"","meta":{"_acf_changed":false,"footnotes":"","_links_to":"","_links_to_target":""},"class_list":["post-162","page","type-page","status-publish","hentry"],"acf":[],"yoast_head":"<!-- This site is optimized with the Yoast SEO plugin v27.4 - https:\/\/yoast.com\/product\/yoast-seo-wordpress\/ -->\n<title>Editorial Board - Dru\u0161tvo Medicinski razgledi<\/title>\n<meta name=\"robots\" content=\"index, follow, max-snippet:-1, max-image-preview:large, max-video-preview:-1\" \/>\n<link rel=\"canonical\" href=\"https:\/\/medrazgl.si\/en\/editorial-board\/\" \/>\n<meta property=\"og:locale\" content=\"en_US\" \/>\n<meta property=\"og:type\" content=\"article\" \/>\n<meta property=\"og:title\" content=\"Editorial Board - Dru\u0161tvo Medicinski razgledi\" \/>\n<meta property=\"og:description\" content=\"Editor-in-Chief Manca Bregar manca.bregar@medrazgl.siglavni.urednik@medrazgl.si Managing Editor Hana Raku\u0161a hana.rakusa@medrazgl.siprispevki@medrazgl.si Production Editors Niko Fari\u010d niko.faric@medrazgl.si Julija Kalcher julija.kalcher@medrazgl.si Matija Kiker matija.kiker@medrazgl.si Eva Pu\u0161nik eva.pusnik@medrazgl.si Editorial Board Hana Brezar hana.brezar@medrazgl.si Ela Cerar ela.cerar@medrazgl.si Nina Zimi\u010d nina.zimic@medrazgl.si Ana Jazbec ana.jazbec@medrazgl.si Anja Horvat anja.horvat@medrazgl.si Nike Klun nike.klun@medrazgl.si Rok Erzar rok.erzar@medrazgl.si Ema Gra\u0161i\u010d ema.grasic@medrazgl.si Matic Ivan\u010di\u010d matic.ivancic@medrazgl.si Leonie Vrta\u010dnik Horvat [&hellip;]\" \/>\n<meta property=\"og:url\" content=\"https:\/\/medrazgl.si\/en\/editorial-board\/\" \/>\n<meta property=\"og:site_name\" content=\"Dru\u0161tvo Medicinski razgledi\" \/>\n<meta property=\"article:modified_time\" content=\"2025-05-23T13:01:30+00:00\" \/>\n<meta name=\"twitter:card\" content=\"summary_large_image\" \/>\n<meta name=\"twitter:label1\" content=\"Est. reading time\" \/>\n\t<meta name=\"twitter:data1\" content=\"1 minute\" \/>\n<script type=\"application\/ld+json\" class=\"yoast-schema-graph\">{\"@context\":\"https:\\\/\\\/schema.org\",\"@graph\":[{\"@type\":\"WebPage\",\"@id\":\"https:\\\/\\\/medrazgl.si\\\/en\\\/editorial-board\\\/\",\"url\":\"https:\\\/\\\/medrazgl.si\\\/en\\\/editorial-board\\\/\",\"name\":\"Editorial Board - Dru\u0161tvo Medicinski razgledi\",\"isPartOf\":{\"@id\":\"https:\\\/\\\/medrazgl.si\\\/#website\"},\"datePublished\":\"2013-04-04T05:43:58+00:00\",\"dateModified\":\"2025-05-23T13:01:30+00:00\",\"breadcrumb\":{\"@id\":\"https:\\\/\\\/medrazgl.si\\\/en\\\/editorial-board\\\/#breadcrumb\"},\"inLanguage\":\"en-US\",\"potentialAction\":[{\"@type\":\"ReadAction\",\"target\":[\"https:\\\/\\\/medrazgl.si\\\/en\\\/editorial-board\\\/\"]}]},{\"@type\":\"BreadcrumbList\",\"@id\":\"https:\\\/\\\/medrazgl.si\\\/en\\\/editorial-board\\\/#breadcrumb\",\"itemListElement\":[{\"@type\":\"ListItem\",\"position\":1,\"name\":\"Home\",\"item\":\"https:\\\/\\\/medrazgl.si\\\/en\\\/\"},{\"@type\":\"ListItem\",\"position\":2,\"name\":\"Editorial Board\"}]},{\"@type\":\"WebSite\",\"@id\":\"https:\\\/\\\/medrazgl.si\\\/#website\",\"url\":\"https:\\\/\\\/medrazgl.si\\\/\",\"name\":\"Dru\u0161tvo Medicinski razgledi\",\"description\":\"Dru\u0161tvo Medicinski razgledi\",\"potentialAction\":[{\"@type\":\"SearchAction\",\"target\":{\"@type\":\"EntryPoint\",\"urlTemplate\":\"https:\\\/\\\/medrazgl.si\\\/?s={search_term_string}\"},\"query-input\":{\"@type\":\"PropertyValueSpecification\",\"valueRequired\":true,\"valueName\":\"search_term_string\"}}],\"inLanguage\":\"en-US\"}]}<\/script>\n<!-- \/ Yoast SEO plugin. -->","yoast_head_json":{"title":"Editorial Board - Dru\u0161tvo Medicinski razgledi","robots":{"index":"index","follow":"follow","max-snippet":"max-snippet:-1","max-image-preview":"max-image-preview:large","max-video-preview":"max-video-preview:-1"},"canonical":"https:\/\/medrazgl.si\/en\/editorial-board\/","og_locale":"en_US","og_type":"article","og_title":"Editorial Board - Dru\u0161tvo Medicinski razgledi","og_description":"Editor-in-Chief Manca Bregar manca.bregar@medrazgl.siglavni.urednik@medrazgl.si Managing Editor Hana Raku\u0161a hana.rakusa@medrazgl.siprispevki@medrazgl.si Production Editors Niko Fari\u010d niko.faric@medrazgl.si Julija Kalcher julija.kalcher@medrazgl.si Matija Kiker matija.kiker@medrazgl.si Eva Pu\u0161nik eva.pusnik@medrazgl.si Editorial Board Hana Brezar hana.brezar@medrazgl.si Ela Cerar ela.cerar@medrazgl.si Nina Zimi\u010d nina.zimic@medrazgl.si Ana Jazbec ana.jazbec@medrazgl.si Anja Horvat anja.horvat@medrazgl.si Nike Klun nike.klun@medrazgl.si Rok Erzar rok.erzar@medrazgl.si Ema Gra\u0161i\u010d ema.grasic@medrazgl.si Matic Ivan\u010di\u010d matic.ivancic@medrazgl.si Leonie Vrta\u010dnik Horvat [&hellip;]","og_url":"https:\/\/medrazgl.si\/en\/editorial-board\/","og_site_name":"Dru\u0161tvo Medicinski razgledi","article_modified_time":"2025-05-23T13:01:30+00:00","twitter_card":"summary_large_image","twitter_misc":{"Est. reading time":"1 minute"},"schema":{"@context":"https:\/\/schema.org","@graph":[{"@type":"WebPage","@id":"https:\/\/medrazgl.si\/en\/editorial-board\/","url":"https:\/\/medrazgl.si\/en\/editorial-board\/","name":"Editorial Board - Dru\u0161tvo Medicinski razgledi","isPartOf":{"@id":"https:\/\/medrazgl.si\/#website"},"datePublished":"2013-04-04T05:43:58+00:00","dateModified":"2025-05-23T13:01:30+00:00","breadcrumb":{"@id":"https:\/\/medrazgl.si\/en\/editorial-board\/#breadcrumb"},"inLanguage":"en-US","potentialAction":[{"@type":"ReadAction","target":["https:\/\/medrazgl.si\/en\/editorial-board\/"]}]},{"@type":"BreadcrumbList","@id":"https:\/\/medrazgl.si\/en\/editorial-board\/#breadcrumb","itemListElement":[{"@type":"ListItem","position":1,"name":"Home","item":"https:\/\/medrazgl.si\/en\/"},{"@type":"ListItem","position":2,"name":"Editorial Board"}]},{"@type":"WebSite","@id":"https:\/\/medrazgl.si\/#website","url":"https:\/\/medrazgl.si\/","name":"Dru\u0161tvo Medicinski razgledi","description":"Dru\u0161tvo Medicinski razgledi","potentialAction":[{"@type":"SearchAction","target":{"@type":"EntryPoint","urlTemplate":"https:\/\/medrazgl.si\/?s={search_term_string}"},"query-input":{"@type":"PropertyValueSpecification","valueRequired":true,"valueName":"search_term_string"}}],"inLanguage":"en-US"}]}},"_links":{"self":[{"href":"https:\/\/medrazgl.si\/en\/wp-json\/wp\/v2\/pages\/162","targetHints":{"allow":["GET"]}}],"collection":[{"href":"https:\/\/medrazgl.si\/en\/wp-json\/wp\/v2\/pages"}],"about":[{"href":"https:\/\/medrazgl.si\/en\/wp-json\/wp\/v2\/types\/page"}],"author":[{"embeddable":true,"href":"https:\/\/medrazgl.si\/en\/wp-json\/wp\/v2\/users\/1"}],"replies":[{"embeddable":true,"href":"https:\/\/medrazgl.si\/en\/wp-json\/wp\/v2\/comments?post=162"}],"version-history":[{"count":11,"href":"https:\/\/medrazgl.si\/en\/wp-json\/wp\/v2\/pages\/162\/revisions"}],"predecessor-version":[{"id":15007,"href":"https:\/\/medrazgl.si\/en\/wp-json\/wp\/v2\/pages\/162\/revisions\/15007"}],"wp:attachment":[{"href":"https:\/\/medrazgl.si\/en\/wp-json\/wp\/v2\/media?parent=162"}],"curies":[{"name":"wp","href":"https:\/\/api.w.org\/{rel}","templated":true}]}}